{"id":21,"date":"2025-09-24T17:14:52","date_gmt":"2025-09-24T17:14:52","guid":{"rendered":"http:\/\/montagneetloisirs.fr\/?page_id=21"},"modified":"2026-01-25T20:49:46","modified_gmt":"2026-01-25T20:49:46","slug":"__trashed","status":"publish","type":"page","link":"https:\/\/montagneetloisirs.fr\/?page_id=21","title":{"rendered":"Le chalet"},"content":{"rendered":"\n<figure class=\"wp-block-image alignfull size-full\"><img fetchpriority=\"high\" decoding=\"async\" width=\"1400\" height=\"527\" src=\"https:\/\/montagneetloisirs.fr\/wp-content\/uploads\/2025\/09\/fond_chalet-avec-nom.jpg\" alt=\"\" class=\"wp-image-26\" srcset=\"https:\/\/montagneetloisirs.fr\/wp-content\/uploads\/2025\/09\/fond_chalet-avec-nom.jpg 1400w, https:\/\/montagneetloisirs.fr\/wp-content\/uploads\/2025\/09\/fond_chalet-avec-nom-300x113.jpg 300w, https:\/\/montagneetloisirs.fr\/wp-content\/uploads\/2025\/09\/fond_chalet-avec-nom-1024x385.jpg 1024w, https:\/\/montagneetloisirs.fr\/wp-content\/uploads\/2025\/09\/fond_chalet-avec-nom-768x289.jpg 768w\" sizes=\"(max-width: 1400px) 100vw, 1400px\" \/><\/figure>\n\n\n\n<div class=\"wp-block-columns is-layout-flex wp-container-core-columns-is-layout-28f84493 wp-block-columns-is-layout-flex\">\n<div class=\"wp-block-column is-layout-flow wp-block-column-is-layout-flow\" style=\"flex-basis:66%\">\n<h1 class=\"wp-block-heading has-medium-font-size\" style=\"margin-right:0;margin-left:0\"><strong>Le Chalet du Club<\/strong><\/h1>\n\n\n\n<p>L\u00e0-haut, pr\u00e8s de la montagne, il est un beau Chalet&#8230; Une robuste maison paysanne dans le Luchonnais, constamment am\u00e9nag\u00e9e par les membres du Club.<\/p>\n\n\n\n<h2 class=\"wp-block-heading has-medium-font-size\"><strong>Aller au chalet<\/strong><\/h2>\n\n\n\n<p style=\"padding-right:0;padding-left:0\">Depuis Toulouse, prendre l&rsquo;autoroute en direction de Tarbes, Pau, Bayonne pendant environ 100 km et la quitter \u00e0 la sortie n\u00b017 pour rejoindre Luchon. A Luchon prendre la D618 en direction du col de Peyresourde. Vous laissez le centre ville sur la gauche et attaquez la mont\u00e9e. Parcourir environ 5 km pour atteindre le village de St-Aventin bati \u00e0 flanc de montagne. C&rsquo;est le premier village de la vall\u00e9e du Larboust. Vous \u00eates arriv\u00e9s apr\u00e8s environ 1h45 de route depuis la ville rose ! Sinon avec google c&rsquo;est l\u00e0 : aller au chalet L&rsquo;\u00e9glise sur la droite vous domine et le chalet Monn\u00e9 est \u00e0 c\u00f4t\u00e9. Vous pouvez monter la rampe d&rsquo;acc\u00e8s \u00e0 l&rsquo;\u00e9glise pour d\u00e9charger vos bagages (apr\u00e8s avoir fait un demi-tour sur l&rsquo;un des parkings situ\u00e9s au bord de la d\u00e9partementale car le virage est trop serr\u00e9). Par courtoisie pour les habitants permanents, \u00e9vitez de vous garer sur la place de l&rsquo;\u00e9glise.<\/p>\n\n\n\n<figure class=\"wp-block-image aligncenter size-full\"><img decoding=\"async\" width=\"448\" height=\"336\" src=\"https:\/\/montagneetloisirs.fr\/wp-content\/uploads\/2025\/09\/Eglise-Saint-Aventin.jpg\" alt=\"\" class=\"wp-image-65\" srcset=\"https:\/\/montagneetloisirs.fr\/wp-content\/uploads\/2025\/09\/Eglise-Saint-Aventin.jpg 448w, https:\/\/montagneetloisirs.fr\/wp-content\/uploads\/2025\/09\/Eglise-Saint-Aventin-300x225.jpg 300w\" sizes=\"(max-width: 448px) 100vw, 448px\" \/><\/figure>\n<\/div>\n\n\n\n<div class=\"wp-block-column is-layout-flow wp-block-column-is-layout-flow\" style=\"flex-basis:33.33%\">\n<h2 class=\"wp-block-heading has-medium-font-size\" style=\"padding-right:var(--wp--preset--spacing--40);padding-left:var(--wp--preset--spacing--40)\">Tarif des \u00ab\u00a0nuit\u00e9es\u00a0\u00bb :<\/h2>\n\n\n\n<figure class=\"wp-block-table\"><table class=\"has-text-color has-link-color has-fixed-layout\" style=\"color:#110ce8\"><tbody><tr><td><strong>&nbsp;<\/strong><\/td><td><strong>Tarif<\/strong><\/td><\/tr><tr><td><strong>Adultes<\/strong><\/td><td>8 euros<\/td><\/tr><tr><td><strong>Enfants et mineurs<\/strong><\/td><td>Gratuit<\/td><\/tr><\/tbody><\/table><\/figure>\n\n\n\n<p>+ 1 euro par nuit\u00e9e adulte de novembre \u00e0 avril inclus (pour le bois).<\/p>\n\n\n\n<p>Le tarif par \u00ab\u00a0nuit\u00e9e\u00a0\u00bb ne correspond pas \u00e0 une prestation, mais est une participation aux frais li\u00e9s \u00e0 l&rsquo;occupation du Chalet (\u00e9lectricit\u00e9, gaz, eau, bois, assurances, imp\u00f4ts, entretien &#8230;.), elle est due par toute personne s\u00e9journant une journ\u00e9e et\/ou une nuit au Chalet.<\/p>\n\n\n\n<p>N.B.\u00a0\u00bbL&rsquo;accueil d&rsquo;invit\u00e9s est possible sous la responsabilit\u00e9 d&rsquo;un adh\u00e9rent connaissant le chalet.<\/p>\n\n\n\n<p>Adh\u00e9sion journali\u00e8re en suppl\u00e9ment par \u00ab\u00a0nuit\u00e9e\u00a0\u00bb pour les invit\u00e9s&nbsp;: <strong>adultes 6 euros, enfants et mineurs gratuit.<\/strong> L&rsquo;adh\u00e9sion temporaire au club ne comprend pas l&rsquo;assurance FFME.<\/p>\n<\/div>\n<\/div>\n\n\n\n<p><\/p>\n\n\n\n<p><a href=\"https:\/\/montagneetloisirs.fr\/?page_id=204\" data-type=\"page\" data-id=\"204\">Histoire du Club et du Chalet<\/a><\/p>\n\n\n\n<p><\/p>\n","protected":false},"excerpt":{"rendered":"<p>Le Chalet du Club L\u00e0-haut, pr\u00e8s de la montagne, il est un beau Chalet&#8230; Une robuste maison paysanne dans le Luchonnais, constamment am\u00e9nag\u00e9e par les membres du Club. Aller au [&hellip;]<\/p>\n","protected":false},"author":1,"featured_media":0,"parent":0,"menu_order":0,"comment_status":"closed","ping_status":"closed","template":"","meta":{"_EventAllDay":false,"_EventTimezone":"","_EventStartDate":"","_EventEndDate":"","_EventStartDateUTC":"","_EventEndDateUTC":"","_EventShowMap":false,"_EventShowMapLink":false,"_EventURL":"","_EventCost":"","_EventCostDescription":"","_EventCurrencySymbol":"","_EventCurrencyCode":"","_EventCurrencyPosition":"","_EventDateTimeSeparator":"","_EventTimeRangeSeparator":"","_EventOrganizerID":[],"_EventVenueID":[],"_OrganizerEmail":"","_OrganizerPhone":"","_OrganizerWebsite":"","_VenueAddress":"","_VenueCity":"","_VenueCountry":"","_VenueProvince":"","_VenueState":"","_VenueZip":"","_VenuePhone":"","_VenueURL":"","_VenueStateProvince":"","_VenueLat":"","_VenueLng":"","_VenueShowMap":false,"_VenueShowMapLink":false,"footnotes":""},"class_list":["post-21","page","type-page","status-publish","hentry"],"_links":{"self":[{"href":"https:\/\/montagneetloisirs.fr\/index.php?rest_route=\/wp\/v2\/pages\/21","targetHints":{"allow":["GET"]}}],"collection":[{"href":"https:\/\/montagneetloisirs.fr\/index.php?rest_route=\/wp\/v2\/pages"}],"about":[{"href":"https:\/\/montagneetloisirs.fr\/index.php?rest_route=\/wp\/v2\/types\/page"}],"author":[{"embeddable":true,"href":"https:\/\/montagneetloisirs.fr\/index.php?rest_route=\/wp\/v2\/users\/1"}],"replies":[{"embeddable":true,"href":"https:\/\/montagneetloisirs.fr\/index.php?rest_route=%2Fwp%2Fv2%2Fcomments&post=21"}],"version-history":[{"count":20,"href":"https:\/\/montagneetloisirs.fr\/index.php?rest_route=\/wp\/v2\/pages\/21\/revisions"}],"predecessor-version":[{"id":334,"href":"https:\/\/montagneetloisirs.fr\/index.php?rest_route=\/wp\/v2\/pages\/21\/revisions\/334"}],"wp:attachment":[{"href":"https:\/\/montagneetloisirs.fr\/index.php?rest_route=%2Fwp%2Fv2%2Fmedia&parent=21"}],"curies":[{"name":"wp","href":"https:\/\/api.w.org\/{rel}","templated":true}]}}