{"id":209,"date":"2026-01-25T17:09:11","date_gmt":"2026-01-25T17:09:11","guid":{"rendered":"https:\/\/montagneetloisirs.fr\/?page_id=209"},"modified":"2026-02-13T09:01:08","modified_gmt":"2026-02-13T09:01:08","slug":"les-dernieres-sorties","status":"publish","type":"page","link":"https:\/\/montagneetloisirs.fr\/?page_id=209","title":{"rendered":"Les derni\u00e8res sorties"},"content":{"rendered":"\n<p class=\"has-large-font-size\">Les derni\u00e8res activit\u00e9s<\/p>\n\n\n\n<figure class=\"wp-block-gallery has-nested-images columns-default is-cropped wp-block-gallery-1 is-layout-flex wp-block-gallery-is-layout-flex\">\n<figure class=\"wp-block-image size-full\"><a href=\"https:\/\/montagne-et-loisirs.fr\/site_ML\/activites\/2026\/01%20-%20Ski%20de%20Rando%20Coume%20de%20Bourg%202CR.pdf\" target=\"_blank\" rel=\"alternate\"><img fetchpriority=\"high\" decoding=\"async\" width=\"280\" height=\"200\" data-id=\"210\" src=\"https:\/\/montagneetloisirs.fr\/wp-content\/uploads\/2026\/01\/SkiRandoCoumedeBourg_2026.jpg\" alt=\"\" class=\"wp-image-210\"\/><\/a><figcaption class=\"wp-element-caption\"><strong>Ski de Rando Coume de Bourg<\/strong><\/figcaption><\/figure>\n\n\n\n<figure class=\"wp-block-image size-large is-style-default\"><img decoding=\"async\" width=\"280\" height=\"200\" data-id=\"211\" src=\"https:\/\/montagneetloisirs.fr\/wp-content\/uploads\/2026\/01\/SkiRandoCoumedeBourg_2025.jpg\" alt=\"\" class=\"wp-image-211\"\/><\/figure>\n\n\n\n<figure class=\"wp-block-image size-large\"><img decoding=\"async\" width=\"280\" height=\"200\" data-id=\"212\" src=\"https:\/\/montagneetloisirs.fr\/wp-content\/uploads\/2026\/01\/SkiRandoAgudes_2025.jpg\" alt=\"\" class=\"wp-image-212\"\/><\/figure>\n\n\n\n<figure class=\"wp-block-image size-large\"><img loading=\"lazy\" decoding=\"async\" width=\"280\" height=\"200\" data-id=\"213\" src=\"https:\/\/montagneetloisirs.fr\/wp-content\/uploads\/2026\/01\/Pic-du-Han-2025.jpg\" alt=\"\" class=\"wp-image-213\"\/><\/figure>\n\n\n\n<figure class=\"wp-block-image size-large\"><img loading=\"lazy\" decoding=\"async\" width=\"280\" height=\"200\" data-id=\"214\" src=\"https:\/\/montagneetloisirs.fr\/wp-content\/uploads\/2026\/01\/secu-hiver_2025.jpg\" alt=\"\" class=\"wp-image-214\"\/><\/figure>\n\n\n\n<figure class=\"wp-block-image size-large\"><img loading=\"lazy\" decoding=\"async\" width=\"280\" height=\"200\" data-id=\"215\" src=\"https:\/\/montagneetloisirs.fr\/wp-content\/uploads\/2026\/01\/octobre_2025.jpg\" alt=\"\" class=\"wp-image-215\"\/><\/figure>\n\n\n\n<figure class=\"wp-block-image size-large\"><img loading=\"lazy\" decoding=\"async\" width=\"280\" height=\"200\" data-id=\"216\" src=\"https:\/\/montagneetloisirs.fr\/wp-content\/uploads\/2026\/01\/BoutDeTuron.jpg\" alt=\"\" class=\"wp-image-216\"\/><\/figure>\n\n\n\n<figure class=\"wp-block-image size-large\"><img loading=\"lazy\" decoding=\"async\" width=\"280\" height=\"200\" data-id=\"217\" src=\"https:\/\/montagneetloisirs.fr\/wp-content\/uploads\/2026\/01\/aquarelle_2025.jpg\" alt=\"\" class=\"wp-image-217\"\/><\/figure>\n\n\n\n<figure class=\"wp-block-image size-large\"><img loading=\"lazy\" decoding=\"async\" width=\"280\" height=\"200\" data-id=\"218\" src=\"https:\/\/montagneetloisirs.fr\/wp-content\/uploads\/2026\/01\/ski-rando-mont-holmes-2026-01-11.jpeg\" alt=\"\" class=\"wp-image-218\"\/><\/figure>\n<\/figure>\n\n\n\n<p><\/p>\n\n\n\n<p class=\"has-x-large-font-size\"><a href=\"https:\/\/montagneetloisirs.fr\/?page_id=371\" data-type=\"page\" data-id=\"371\">Toutes les activit\u00e9s<\/a><\/p>\n","protected":false},"excerpt":{"rendered":"<p>Les derni\u00e8res activit\u00e9s Toutes les activit\u00e9s<\/p>\n","protected":false},"author":1,"featured_media":0,"parent":0,"menu_order":0,"comment_status":"closed","ping_status":"closed","template":"","meta":{"_EventAllDay":false,"_EventTimezone":"","_EventStartDate":"","_EventEndDate":"","_EventStartDateUTC":"","_EventEndDateUTC":"","_EventShowMap":false,"_EventShowMapLink":false,"_EventURL":"","_EventCost":"","_EventCostDescription":"","_EventCurrencySymbol":"","_EventCurrencyCode":"","_EventCurrencyPosition":"","_EventDateTimeSeparator":"","_EventTimeRangeSeparator":"","_EventOrganizerID":[],"_EventVenueID":[],"_OrganizerEmail":"","_OrganizerPhone":"","_OrganizerWebsite":"","_VenueAddress":"","_VenueCity":"","_VenueCountry":"","_VenueProvince":"","_VenueState":"","_VenueZip":"","_VenuePhone":"","_VenueURL":"","_VenueStateProvince":"","_VenueLat":"","_VenueLng":"","_VenueShowMap":false,"_VenueShowMapLink":false,"footnotes":""},"class_list":["post-209","page","type-page","status-publish","hentry"],"_links":{"self":[{"href":"https:\/\/montagneetloisirs.fr\/index.php?rest_route=\/wp\/v2\/pages\/209","targetHints":{"allow":["GET"]}}],"collection":[{"href":"https:\/\/montagneetloisirs.fr\/index.php?rest_route=\/wp\/v2\/pages"}],"about":[{"href":"https:\/\/montagneetloisirs.fr\/index.php?rest_route=\/wp\/v2\/types\/page"}],"author":[{"embeddable":true,"href":"https:\/\/montagneetloisirs.fr\/index.php?rest_route=\/wp\/v2\/users\/1"}],"replies":[{"embeddable":true,"href":"https:\/\/montagneetloisirs.fr\/index.php?rest_route=%2Fwp%2Fv2%2Fcomments&post=209"}],"version-history":[{"count":30,"href":"https:\/\/montagneetloisirs.fr\/index.php?rest_route=\/wp\/v2\/pages\/209\/revisions"}],"predecessor-version":[{"id":378,"href":"https:\/\/montagneetloisirs.fr\/index.php?rest_route=\/wp\/v2\/pages\/209\/revisions\/378"}],"wp:attachment":[{"href":"https:\/\/montagneetloisirs.fr\/index.php?rest_route=%2Fwp%2Fv2%2Fmedia&parent=209"}],"curies":[{"name":"wp","href":"https:\/\/api.w.org\/{rel}","templated":true}]}}