{"id":204,"date":"2026-01-25T16:51:55","date_gmt":"2026-01-25T16:51:55","guid":{"rendered":"https:\/\/montagneetloisirs.fr\/?page_id=204"},"modified":"2026-01-25T19:37:43","modified_gmt":"2026-01-25T19:37:43","slug":"histoire-du-chalet","status":"publish","type":"page","link":"https:\/\/montagneetloisirs.fr\/?page_id=204","title":{"rendered":"Histoire du Club et du Chalet"},"content":{"rendered":"\n<h2 class=\"wp-block-heading has-medium-font-size\"><strong>L\u2019histoire du club et chalet<\/strong><\/h2>\n\n\n\n<p>L\u2019histoire du chalet Monn\u00e9 d\u00e9bute \u00e0 No\u00ebl 1964. 30 jeunes participent \u00e0 un camp de neige \u00e0 Saint- Aventin autour de Louis Audoubert. La maison o\u00f9 ils logent est \u00e0 vendre et ils d\u00e9cident de l\u2019acheter&#8230;<\/p>\n\n\n\n<p>Pour acheter le chalet, la solution de constituer une association s\u2019impose rapidement. Le nom sera \u00ab Montagne et Loisirs \u00bb. L\u2019association est officiellement cr\u00e9\u00e9e le 15 mars 1965 sous la pr\u00e9sidence de Louis Lermiterie avec comme objet : \u00ab entra\u00eener les jeunes \u00e0 la pratique des sports de plein air du ski et de la montagne \u00bb. Le chalet est achet\u00e9 le 25 mai 1965 pour la somme de 20000 Fr, payable en trois fois.<br>Les jeunes sont d\u00e9cid\u00e9s \u00e0 travailler plusieurs \u00e9t\u00e9s pendant leurs cong\u00e9s pour payer les \u00e9ch\u00e9ances. Certains vont travailler dans des exploitations agricoles, charger des camions, en tant que p\u00e2tissier, pompiste, serveur, facteur, \u2026 et ils ne manqueront pas d\u2019imagination pour trouver des id\u00e9es de ressources comme la collecte de papiers, cartons ou ferraille, tombola et vente d\u2019edelweiss.<br>Les jeunes vont \u00e9galement organiser des spectacles \u00e0 Muret et Saint-Aventin.Parall\u00e8lement, le pr\u00e9sident de l\u2019association lance de multiples demandes de subvention aupr\u00e8s de la jeunesse et sport, de la CAF, de la DDASS et de diverses mairies.<br>Ces premi\u00e8res ann\u00e9es sont passionnantes, fatigantes, travailleuses, difficiles mais exaltantes ! Tout est \u00e0 faire ou presque. Le chalet n\u00e9cessite des travaux \u00e9normes : am\u00e9nagement du grenier et de la bergerie, charpente et toiture, installation \u00e9lectrique, construction de WC et d\u2019une terrasse entre autres.<br>Les camps, les randonn\u00e9es \u00e0 sillonner le massif du luchonnais ponctu\u00e9es par de grands et de petits \u00ab graillous \u00bb au chalet, permettent de cr\u00e9er et maintenir le lien et la motivation de tous.<br>Au fur et \u00e0 mesure des ann\u00e9es, les activit\u00e9s s\u2019\u00e9tendront \u00e0 l\u2019ensemble du massif pyr\u00e9n\u00e9ens, aux Alpes, et m\u00eame jusque dans Himalaya o\u00f9 Louis Audoubert entreprendra plusieurs exp\u00e9ditions.<br>L\u2019association quant \u00e0 elle va se d\u00e9velopper avec des sections sur Muret, Auch, Castelsarrasin, Montauban et Boussens.<br>Outre la v\u00e9ritable entreprise qu\u2019a repr\u00e9sent\u00e9 la gen\u00e8se du chalet Monn\u00e9 et de son association Montagne et Loisirs, de par les risques pris par une poign\u00e9e de b\u00e9n\u00e9voles et l\u2019engagement de tous, celle-ci repr\u00e9sente une aventure exceptionnelle qui aura permis d\u2019amener nombre de jeunes (et de moins jeunes) \u00e0 la pratique de la montagne et \u00e0 la d\u00e9couverte de nos Pyr\u00e9n\u00e9es.<\/p>\n\n\n\n<h2 class=\"wp-block-heading has-medium-font-size\"><strong>Le club aujourd\u2019hui<\/strong><\/h2>\n\n\n\n<p>Aujourd\u2019hui le club est toujours l\u00e0. Les adh\u00e9rents se succ\u00e8dent ann\u00e9es apr\u00e8s ann\u00e9es. Le club a gard\u00e9 un esprit familial, le nombre d\u2019adh\u00e9rents s\u2019est stabilis\u00e9 en dessous de la centaine avec une quarantaine de membres actifs.<br>Les activit\u00e9s propos\u00e9es sont la randonn\u00e9e, escalade, raquettes, ski de randonn\u00e9e, alpinisme.<br>L\u2019association accueille notamment lors de \u00ab week-end d\u00e9couverte \u00bb les nouveaux adh\u00e9rents pour partager avec eux les joies de la montagne.Les week-ends \u00ab entretien et bricolage \u00bb permettent de faire l\u2019entretien et les am\u00e9liorations n\u00e9cessaires. Des week-end \u00e0 th\u00e8mes sont propos\u00e9s dans le but d\u2019entretenir la convivialit\u00e9 interclub.<br>Les groupe de rando sont souvent compos\u00e9s de 6 \u00e0 8 personnes maximum avec un niveau \u00e9quivalent. Diff\u00e9rents niveaux permettent de s\u2019adapter \u00e0 chacun.<\/p>\n","protected":false},"excerpt":{"rendered":"<p>L\u2019histoire du club et chalet L\u2019histoire du chalet Monn\u00e9 d\u00e9bute \u00e0 No\u00ebl 1964. 30 jeunes participent \u00e0 un camp de neige \u00e0 Saint- Aventin autour de Louis Audoubert. La maison [&hellip;]<\/p>\n","protected":false},"author":1,"featured_media":0,"parent":0,"menu_order":0,"comment_status":"closed","ping_status":"closed","template":"","meta":{"_EventAllDay":false,"_EventTimezone":"","_EventStartDate":"","_EventEndDate":"","_EventStartDateUTC":"","_EventEndDateUTC":"","_EventShowMap":false,"_EventShowMapLink":false,"_EventURL":"","_EventCost":"","_EventCostDescription":"","_EventCurrencySymbol":"","_EventCurrencyCode":"","_EventCurrencyPosition":"","_EventDateTimeSeparator":"","_EventTimeRangeSeparator":"","_EventOrganizerID":[],"_EventVenueID":[],"_OrganizerEmail":"","_OrganizerPhone":"","_OrganizerWebsite":"","_VenueAddress":"","_VenueCity":"","_VenueCountry":"","_VenueProvince":"","_VenueState":"","_VenueZip":"","_VenuePhone":"","_VenueURL":"","_VenueStateProvince":"","_VenueLat":"","_VenueLng":"","_VenueShowMap":false,"_VenueShowMapLink":false,"footnotes":""},"class_list":["post-204","page","type-page","status-publish","hentry"],"_links":{"self":[{"href":"https:\/\/montagneetloisirs.fr\/index.php?rest_route=\/wp\/v2\/pages\/204","targetHints":{"allow":["GET"]}}],"collection":[{"href":"https:\/\/montagneetloisirs.fr\/index.php?rest_route=\/wp\/v2\/pages"}],"about":[{"href":"https:\/\/montagneetloisirs.fr\/index.php?rest_route=\/wp\/v2\/types\/page"}],"author":[{"embeddable":true,"href":"https:\/\/montagneetloisirs.fr\/index.php?rest_route=\/wp\/v2\/users\/1"}],"replies":[{"embeddable":true,"href":"https:\/\/montagneetloisirs.fr\/index.php?rest_route=%2Fwp%2Fv2%2Fcomments&post=204"}],"version-history":[{"count":2,"href":"https:\/\/montagneetloisirs.fr\/index.php?rest_route=\/wp\/v2\/pages\/204\/revisions"}],"predecessor-version":[{"id":266,"href":"https:\/\/montagneetloisirs.fr\/index.php?rest_route=\/wp\/v2\/pages\/204\/revisions\/266"}],"wp:attachment":[{"href":"https:\/\/montagneetloisirs.fr\/index.php?rest_route=%2Fwp%2Fv2%2Fmedia&parent=204"}],"curies":[{"name":"wp","href":"https:\/\/api.w.org\/{rel}","templated":true}]}}